{"id":2769,"date":"2021-04-26T14:13:14","date_gmt":"2021-04-26T14:13:14","guid":{"rendered":"https:\/\/stage.startertemplatecloud.com\/g04\/?page_id=2769"},"modified":"2025-01-09T12:06:19","modified_gmt":"2025-01-09T12:06:19","slug":"about","status":"publish","type":"page","link":"https:\/\/piotrterapeuta.pl\/?page_id=2769","title":{"rendered":"O mnie"},"content":{"rendered":"\t\t<div data-elementor-type=\"wp-page\" data-elementor-id=\"2769\" class=\"elementor elementor-2769\">\n\t\t\t\t\t\t<section class=\"elementor-section elementor-top-section elementor-element elementor-element-36d1305e elementor-section-boxed elementor-section-height-default elementor-section-height-default\" data-id=\"36d1305e\" data-element_type=\"section\" data-e-type=\"section\">\n\t\t\t\t\t\t<div class=\"elementor-container elementor-column-gap-default\">\n\t\t\t\t\t<div class=\"elementor-column elementor-col-100 elementor-top-column elementor-element elementor-element-32de64d\" data-id=\"32de64d\" data-element_type=\"column\" data-e-type=\"column\">\n\t\t\t<div class=\"elementor-widget-wrap\">\n\t\t\t\t\t\t\t<\/div>\n\t\t<\/div>\n\t\t\t\t\t<\/div>\n\t\t<\/section>\n\t\t\t\t<section class=\"elementor-section elementor-top-section elementor-element elementor-element-b2e50e1 elementor-section-boxed elementor-section-height-default elementor-section-height-default\" data-id=\"b2e50e1\" data-element_type=\"section\" data-e-type=\"section\">\n\t\t\t\t\t\t<div class=\"elementor-container elementor-column-gap-default\">\n\t\t\t\t\t<div class=\"elementor-column elementor-col-100 elementor-top-column elementor-element elementor-element-1e27055\" data-id=\"1e27055\" data-element_type=\"column\" data-e-type=\"column\">\n\t\t\t<div class=\"elementor-widget-wrap\">\n\t\t\t\t\t\t\t<\/div>\n\t\t<\/div>\n\t\t\t\t\t<\/div>\n\t\t<\/section>\n\t\t\t\t<section class=\"elementor-section elementor-top-section elementor-element elementor-element-1c0ba27 elementor-section-boxed elementor-section-height-default elementor-section-height-default\" data-id=\"1c0ba27\" data-element_type=\"section\" data-e-type=\"section\" data-settings=\"{&quot;background_background&quot;:&quot;classic&quot;}\">\n\t\t\t\t\t\t<div class=\"elementor-container elementor-column-gap-default\">\n\t\t\t\t\t<div class=\"elementor-column elementor-col-100 elementor-top-column elementor-element elementor-element-a717438\" data-id=\"a717438\" data-element_type=\"column\" data-e-type=\"column\">\n\t\t\t<div class=\"elementor-widget-wrap elementor-element-populated\">\n\t\t\t\t\t\t<div class=\"elementor-element elementor-element-82a2449 elementor-widget elementor-widget-heading\" data-id=\"82a2449\" data-element_type=\"widget\" data-e-type=\"widget\" data-widget_type=\"heading.default\">\n\t\t\t\t<div class=\"elementor-widget-container\">\n\t\t\t\t\t<h1 class=\"elementor-heading-title elementor-size-default\">Poznajmy si\u0119! \ud83d\ude42<\/h1>\t\t\t\t<\/div>\n\t\t\t\t<\/div>\n\t\t\t\t\t<\/div>\n\t\t<\/div>\n\t\t\t\t\t<\/div>\n\t\t<\/section>\n\t\t\t\t<section class=\"elementor-section elementor-top-section elementor-element elementor-element-36eb6ab elementor-section-boxed elementor-section-height-default elementor-section-height-default\" data-id=\"36eb6ab\" data-element_type=\"section\" data-e-type=\"section\">\n\t\t\t\t\t\t<div class=\"elementor-container elementor-column-gap-default\">\n\t\t\t\t\t<div class=\"elementor-column elementor-col-50 elementor-top-column elementor-element elementor-element-c0d4520\" data-id=\"c0d4520\" data-element_type=\"column\" data-e-type=\"column\">\n\t\t\t<div class=\"elementor-widget-wrap elementor-element-populated\">\n\t\t\t\t\t\t<div class=\"elementor-element elementor-element-1627633 elementor-widget elementor-widget-spacer\" data-id=\"1627633\" data-element_type=\"widget\" data-e-type=\"widget\" data-widget_type=\"spacer.default\">\n\t\t\t\t<div class=\"elementor-widget-container\">\n\t\t\t\t\t\t\t<div class=\"elementor-spacer\">\n\t\t\t<div class=\"elementor-spacer-inner\"><\/div>\n\t\t<\/div>\n\t\t\t\t\t\t<\/div>\n\t\t\t\t<\/div>\n\t\t\t\t<div class=\"elementor-element elementor-element-28a81a3 elementor-widget elementor-widget-heading\" data-id=\"28a81a3\" data-element_type=\"widget\" data-e-type=\"widget\" data-widget_type=\"heading.default\">\n\t\t\t\t<div class=\"elementor-widget-container\">\n\t\t\t\t\t<h4 class=\"elementor-heading-title elementor-size-default\">Cze\u015b\u0107, nazywam si\u0119 Piotr Wr\u00f3bel.<br><br>\nJestem osob\u0105, kt\u00f3ra nosi aparaty s\u0142uchowe. Dzi\u0119ki temu rozumiem nie tylko osoby s\u0142ysz\u0105ce normalnie, ale i osoby, kt\u00f3re maj\u0105 z tym trudno\u015bci. Pos\u0142uguje si\u0119 j\u0119zykiem migowym (PJM) na co dzie\u0144. <br><br>\u017byj\u0119 w trzech \u015bwiatach \u2013 kontaktuj\u0119 si\u0119 zar\u00f3wno z osobami g\u0142uchymi, s\u0142abos\u0142ysz\u0105cymi i s\u0142ysz\u0105cymi.<br><br>Masa\u017cami zajmuj\u0119 si\u0119 od czas\u00f3w wsp\u00f3\u0142pracy z PZSN, czyli od 2018. Od  2021 r. dzia\u0142am na w\u0142asny rachunek w w\u0142asnym gabinecie w Warszawie.<br><br>\nMoim celem jest pomoc pacjentom, aby mogli wr\u00f3ci\u0107 do pe\u0142nej formy \u017cyj\u0105c bez b\u00f3lu \u2013 omijaj\u0105c przy tym operacje. Staram si\u0119 r\u00f3wnie\u017c odpowiada\u0107 pacjentom na nurtuj\u0105ce pytania dotycz\u0105ce ich stanu.<br><br>Poza tym, jestem kochaj\u0105cym m\u0119\u017cem i ojcem oraz pasjonatem tego co robi\u0119. Codziennie staram si\u0119 zwi\u0119ksza\u0107 swoje umiej\u0119tno\u015bci oraz wiedz\u0119.<\/h4>\t\t\t\t<\/div>\n\t\t\t\t<\/div>\n\t\t\t\t\t<\/div>\n\t\t<\/div>\n\t\t\t\t<div class=\"elementor-column elementor-col-50 elementor-top-column elementor-element elementor-element-2f0d42b\" data-id=\"2f0d42b\" data-element_type=\"column\" data-e-type=\"column\">\n\t\t\t<div class=\"elementor-widget-wrap elementor-element-populated\">\n\t\t\t\t\t\t<div class=\"elementor-element elementor-element-34d0c7f elementor-widget elementor-widget-image\" data-id=\"34d0c7f\" data-element_type=\"widget\" data-e-type=\"widget\" data-widget_type=\"image.default\">\n\t\t\t\t<div class=\"elementor-widget-container\">\n\t\t\t\t\t\t\t\t\t\t\t\t\t\t\t<img fetchpriority=\"high\" decoding=\"async\" width=\"819\" height=\"1024\" src=\"https:\/\/piotrterapeuta.pl\/wp-content\/uploads\/2022\/08\/ogien-819x1024.jpg\" class=\"attachment-large size-large wp-image-3287\" alt=\"\" srcset=\"https:\/\/piotrterapeuta.pl\/wp-content\/uploads\/2022\/08\/ogien-819x1024.jpg 819w, https:\/\/piotrterapeuta.pl\/wp-content\/uploads\/2022\/08\/ogien-240x300.jpg 240w, https:\/\/piotrterapeuta.pl\/wp-content\/uploads\/2022\/08\/ogien-768x961.jpg 768w, https:\/\/piotrterapeuta.pl\/wp-content\/uploads\/2022\/08\/ogien-600x751.jpg 600w, https:\/\/piotrterapeuta.pl\/wp-content\/uploads\/2022\/08\/ogien.jpg 1080w\" sizes=\"(max-width: 819px) 100vw, 819px\" \/>\t\t\t\t\t\t\t\t\t\t\t\t\t\t\t<\/div>\n\t\t\t\t<\/div>\n\t\t\t\t\t<\/div>\n\t\t<\/div>\n\t\t\t\t\t<\/div>\n\t\t<\/section>\n\t\t\t\t<section class=\"elementor-section elementor-top-section elementor-element elementor-element-3e0a326 elementor-section-boxed elementor-section-height-default elementor-section-height-default\" data-id=\"3e0a326\" data-element_type=\"section\" data-e-type=\"section\">\n\t\t\t\t\t\t<div class=\"elementor-container elementor-column-gap-default\">\n\t\t\t\t\t<div class=\"elementor-column elementor-col-100 elementor-top-column elementor-element elementor-element-fc78273\" data-id=\"fc78273\" data-element_type=\"column\" data-e-type=\"column\">\n\t\t\t<div class=\"elementor-widget-wrap elementor-element-populated\">\n\t\t\t\t\t\t<div class=\"elementor-element elementor-element-7fb275c elementor-widget elementor-widget-heading\" data-id=\"7fb275c\" data-element_type=\"widget\" data-e-type=\"widget\" data-widget_type=\"heading.default\">\n\t\t\t\t<div class=\"elementor-widget-container\">\n\t\t\t\t\t<h2 class=\"elementor-heading-title elementor-size-default\">Oto niekt\u00f3re z moich certyfikat\u00f3w, kt\u00f3re potwierdzaj\u0105 wiedz\u0119 i umiej\u0119tno\u015bci<\/h2>\t\t\t\t<\/div>\n\t\t\t\t<\/div>\n\t\t\t\t<div class=\"elementor-element elementor-element-aa85b46 elementor-widget elementor-widget-image-gallery\" data-id=\"aa85b46\" data-element_type=\"widget\" data-e-type=\"widget\" data-widget_type=\"image-gallery.default\">\n\t\t\t\t<div class=\"elementor-widget-container\">\n\t\t\t\t\t\t\t<div class=\"elementor-image-gallery\">\n\t\t\t<div id='gallery-1' class='gallery galleryid-2769 gallery-columns-4 gallery-size-thumbnail'><figure class='gallery-item'>\n\t\t\t<div class='gallery-icon portrait'>\n\t\t\t\t<a data-elementor-open-lightbox=\"yes\" data-elementor-lightbox-slideshow=\"aa85b46\" data-elementor-lightbox-title=\"c1\" data-e-action-hash=\"#elementor-action%3Aaction%3Dlightbox%26settings%3DeyJpZCI6MzYwNywidXJsIjoiaHR0cHM6XC9cL3Bpb3RydGVyYXBldXRhLnBsXC93cC1jb250ZW50XC91cGxvYWRzXC8yMDIzXC8xMlwvYzEtMi5qcGciLCJzbGlkZXNob3ciOiJhYTg1YjQ2In0%3D\" href='https:\/\/piotrterapeuta.pl\/wp-content\/uploads\/2023\/12\/c1-2.jpg'><img decoding=\"async\" width=\"150\" height=\"150\" src=\"https:\/\/piotrterapeuta.pl\/wp-content\/uploads\/2023\/12\/c1-2-150x150.jpg\" class=\"attachment-thumbnail size-thumbnail\" alt=\"\" srcset=\"https:\/\/piotrterapeuta.pl\/wp-content\/uploads\/2023\/12\/c1-2-150x150.jpg 150w, https:\/\/piotrterapeuta.pl\/wp-content\/uploads\/2023\/12\/c1-2-300x300.jpg 300w, https:\/\/piotrterapeuta.pl\/wp-content\/uploads\/2023\/12\/c1-2-100x100.jpg 100w\" sizes=\"(max-width: 150px) 100vw, 150px\" \/><\/a>\n\t\t\t<\/div><\/figure><figure class='gallery-item'>\n\t\t\t<div class='gallery-icon portrait'>\n\t\t\t\t<a data-elementor-open-lightbox=\"yes\" data-elementor-lightbox-slideshow=\"aa85b46\" data-elementor-lightbox-title=\"c2\" data-e-action-hash=\"#elementor-action%3Aaction%3Dlightbox%26settings%3DeyJpZCI6MzYwOCwidXJsIjoiaHR0cHM6XC9cL3Bpb3RydGVyYXBldXRhLnBsXC93cC1jb250ZW50XC91cGxvYWRzXC8yMDIzXC8xMlwvYzItMS5qcGciLCJzbGlkZXNob3ciOiJhYTg1YjQ2In0%3D\" href='https:\/\/piotrterapeuta.pl\/wp-content\/uploads\/2023\/12\/c2-1.jpg'><img decoding=\"async\" width=\"150\" height=\"150\" src=\"https:\/\/piotrterapeuta.pl\/wp-content\/uploads\/2023\/12\/c2-1-150x150.jpg\" class=\"attachment-thumbnail size-thumbnail\" alt=\"\" srcset=\"https:\/\/piotrterapeuta.pl\/wp-content\/uploads\/2023\/12\/c2-1-150x150.jpg 150w, https:\/\/piotrterapeuta.pl\/wp-content\/uploads\/2023\/12\/c2-1-300x300.jpg 300w, https:\/\/piotrterapeuta.pl\/wp-content\/uploads\/2023\/12\/c2-1-100x100.jpg 100w\" sizes=\"(max-width: 150px) 100vw, 150px\" \/><\/a>\n\t\t\t<\/div><\/figure><figure class='gallery-item'>\n\t\t\t<div class='gallery-icon landscape'>\n\t\t\t\t<a data-elementor-open-lightbox=\"yes\" data-elementor-lightbox-slideshow=\"aa85b46\" data-elementor-lightbox-title=\"c3\" data-e-action-hash=\"#elementor-action%3Aaction%3Dlightbox%26settings%3DeyJpZCI6MzYwOSwidXJsIjoiaHR0cHM6XC9cL3Bpb3RydGVyYXBldXRhLnBsXC93cC1jb250ZW50XC91cGxvYWRzXC8yMDIzXC8xMlwvYzMtMS5qcGciLCJzbGlkZXNob3ciOiJhYTg1YjQ2In0%3D\" href='https:\/\/piotrterapeuta.pl\/wp-content\/uploads\/2023\/12\/c3-1.jpg'><img loading=\"lazy\" decoding=\"async\" width=\"150\" height=\"150\" src=\"https:\/\/piotrterapeuta.pl\/wp-content\/uploads\/2023\/12\/c3-1-150x150.jpg\" class=\"attachment-thumbnail size-thumbnail\" alt=\"\" srcset=\"https:\/\/piotrterapeuta.pl\/wp-content\/uploads\/2023\/12\/c3-1-150x150.jpg 150w, https:\/\/piotrterapeuta.pl\/wp-content\/uploads\/2023\/12\/c3-1-300x300.jpg 300w, https:\/\/piotrterapeuta.pl\/wp-content\/uploads\/2023\/12\/c3-1-100x100.jpg 100w\" sizes=\"(max-width: 150px) 100vw, 150px\" \/><\/a>\n\t\t\t<\/div><\/figure><figure class='gallery-item'>\n\t\t\t<div class='gallery-icon portrait'>\n\t\t\t\t<a data-elementor-open-lightbox=\"yes\" data-elementor-lightbox-slideshow=\"aa85b46\" data-elementor-lightbox-title=\"c4\" data-e-action-hash=\"#elementor-action%3Aaction%3Dlightbox%26settings%3DeyJpZCI6MzYxMSwidXJsIjoiaHR0cHM6XC9cL3Bpb3RydGVyYXBldXRhLnBsXC93cC1jb250ZW50XC91cGxvYWRzXC8yMDIzXC8xMlwvYzQtMS5qcGciLCJzbGlkZXNob3ciOiJhYTg1YjQ2In0%3D\" href='https:\/\/piotrterapeuta.pl\/wp-content\/uploads\/2023\/12\/c4-1.jpg'><img loading=\"lazy\" decoding=\"async\" width=\"150\" height=\"150\" src=\"https:\/\/piotrterapeuta.pl\/wp-content\/uploads\/2023\/12\/c4-1-150x150.jpg\" class=\"attachment-thumbnail size-thumbnail\" alt=\"\" srcset=\"https:\/\/piotrterapeuta.pl\/wp-content\/uploads\/2023\/12\/c4-1-150x150.jpg 150w, https:\/\/piotrterapeuta.pl\/wp-content\/uploads\/2023\/12\/c4-1-300x300.jpg 300w, https:\/\/piotrterapeuta.pl\/wp-content\/uploads\/2023\/12\/c4-1-100x100.jpg 100w\" sizes=\"(max-width: 150px) 100vw, 150px\" \/><\/a>\n\t\t\t<\/div><\/figure><figure class='gallery-item'>\n\t\t\t<div class='gallery-icon portrait'>\n\t\t\t\t<a data-elementor-open-lightbox=\"yes\" data-elementor-lightbox-slideshow=\"aa85b46\" data-elementor-lightbox-title=\"c5\" data-e-action-hash=\"#elementor-action%3Aaction%3Dlightbox%26settings%3DeyJpZCI6MzYxMiwidXJsIjoiaHR0cHM6XC9cL3Bpb3RydGVyYXBldXRhLnBsXC93cC1jb250ZW50XC91cGxvYWRzXC8yMDIzXC8xMlwvYzUtMS5qcGciLCJzbGlkZXNob3ciOiJhYTg1YjQ2In0%3D\" href='https:\/\/piotrterapeuta.pl\/wp-content\/uploads\/2023\/12\/c5-1.jpg'><img loading=\"lazy\" decoding=\"async\" width=\"150\" height=\"150\" src=\"https:\/\/piotrterapeuta.pl\/wp-content\/uploads\/2023\/12\/c5-1-150x150.jpg\" class=\"attachment-thumbnail size-thumbnail\" alt=\"\" srcset=\"https:\/\/piotrterapeuta.pl\/wp-content\/uploads\/2023\/12\/c5-1-150x150.jpg 150w, https:\/\/piotrterapeuta.pl\/wp-content\/uploads\/2023\/12\/c5-1-300x300.jpg 300w, https:\/\/piotrterapeuta.pl\/wp-content\/uploads\/2023\/12\/c5-1-100x100.jpg 100w\" sizes=\"(max-width: 150px) 100vw, 150px\" \/><\/a>\n\t\t\t<\/div><\/figure><figure class='gallery-item'>\n\t\t\t<div class='gallery-icon portrait'>\n\t\t\t\t<a data-elementor-open-lightbox=\"yes\" data-elementor-lightbox-slideshow=\"aa85b46\" data-elementor-lightbox-title=\"c6\" data-e-action-hash=\"#elementor-action%3Aaction%3Dlightbox%26settings%3DeyJpZCI6MzYxMywidXJsIjoiaHR0cHM6XC9cL3Bpb3RydGVyYXBldXRhLnBsXC93cC1jb250ZW50XC91cGxvYWRzXC8yMDIzXC8xMlwvYzYtMS5qcGciLCJzbGlkZXNob3ciOiJhYTg1YjQ2In0%3D\" href='https:\/\/piotrterapeuta.pl\/wp-content\/uploads\/2023\/12\/c6-1.jpg'><img loading=\"lazy\" decoding=\"async\" width=\"150\" height=\"150\" src=\"https:\/\/piotrterapeuta.pl\/wp-content\/uploads\/2023\/12\/c6-1-150x150.jpg\" class=\"attachment-thumbnail size-thumbnail\" alt=\"\" srcset=\"https:\/\/piotrterapeuta.pl\/wp-content\/uploads\/2023\/12\/c6-1-150x150.jpg 150w, https:\/\/piotrterapeuta.pl\/wp-content\/uploads\/2023\/12\/c6-1-300x300.jpg 300w, https:\/\/piotrterapeuta.pl\/wp-content\/uploads\/2023\/12\/c6-1-100x100.jpg 100w\" sizes=\"(max-width: 150px) 100vw, 150px\" \/><\/a>\n\t\t\t<\/div><\/figure><figure class='gallery-item'>\n\t\t\t<div class='gallery-icon portrait'>\n\t\t\t\t<a data-elementor-open-lightbox=\"yes\" data-elementor-lightbox-slideshow=\"aa85b46\" data-elementor-lightbox-title=\"c7\" data-e-action-hash=\"#elementor-action%3Aaction%3Dlightbox%26settings%3DeyJpZCI6MzYxNCwidXJsIjoiaHR0cHM6XC9cL3Bpb3RydGVyYXBldXRhLnBsXC93cC1jb250ZW50XC91cGxvYWRzXC8yMDIzXC8xMlwvYzctMi5qcGciLCJzbGlkZXNob3ciOiJhYTg1YjQ2In0%3D\" href='https:\/\/piotrterapeuta.pl\/wp-content\/uploads\/2023\/12\/c7-2.jpg'><img loading=\"lazy\" decoding=\"async\" width=\"150\" height=\"150\" src=\"https:\/\/piotrterapeuta.pl\/wp-content\/uploads\/2023\/12\/c7-2-150x150.jpg\" class=\"attachment-thumbnail size-thumbnail\" alt=\"\" srcset=\"https:\/\/piotrterapeuta.pl\/wp-content\/uploads\/2023\/12\/c7-2-150x150.jpg 150w, https:\/\/piotrterapeuta.pl\/wp-content\/uploads\/2023\/12\/c7-2-300x300.jpg 300w, https:\/\/piotrterapeuta.pl\/wp-content\/uploads\/2023\/12\/c7-2-100x100.jpg 100w\" sizes=\"(max-width: 150px) 100vw, 150px\" \/><\/a>\n\t\t\t<\/div><\/figure>\n\t\t<\/div>\n\t\t<\/div>\n\t\t\t\t\t\t<\/div>\n\t\t\t\t<\/div>\n\t\t\t\t\t<\/div>\n\t\t<\/div>\n\t\t\t\t\t<\/div>\n\t\t<\/section>\n\t\t\t\t<section class=\"elementor-section elementor-top-section elementor-element elementor-element-69fd2ee elementor-section-full_width elementor-section-height-default elementor-section-height-default\" data-id=\"69fd2ee\" data-element_type=\"section\" data-e-type=\"section\" data-settings=\"{&quot;background_background&quot;:&quot;classic&quot;}\">\n\t\t\t\t\t\t<div class=\"elementor-container elementor-column-gap-default\">\n\t\t\t\t\t<div class=\"elementor-column elementor-col-100 elementor-top-column elementor-element elementor-element-41d13a0\" data-id=\"41d13a0\" data-element_type=\"column\" data-e-type=\"column\">\n\t\t\t<div class=\"elementor-widget-wrap elementor-element-populated\">\n\t\t\t\t\t\t<div class=\"elementor-element elementor-element-996c596 elementor-widget elementor-widget-spacer\" data-id=\"996c596\" data-element_type=\"widget\" data-e-type=\"widget\" data-widget_type=\"spacer.default\">\n\t\t\t\t<div class=\"elementor-widget-container\">\n\t\t\t\t\t\t\t<div class=\"elementor-spacer\">\n\t\t\t<div class=\"elementor-spacer-inner\"><\/div>\n\t\t<\/div>\n\t\t\t\t\t\t<\/div>\n\t\t\t\t<\/div>\n\t\t\t\t<div class=\"elementor-element elementor-element-97afa09 elementor-widget elementor-widget-heading\" data-id=\"97afa09\" data-element_type=\"widget\" data-e-type=\"widget\" data-widget_type=\"heading.default\">\n\t\t\t\t<div class=\"elementor-widget-container\">\n\t\t\t\t\t<h2 class=\"elementor-heading-title elementor-size-default\">Bez wzgl\u0119du na to czy s\u0142yszysz - je\u015bli czujesz b\u00f3l, pomog\u0119 Ci go wyleczy\u0107!<\/h2>\t\t\t\t<\/div>\n\t\t\t\t<\/div>\n\t\t\t\t<div class=\"elementor-element elementor-element-35b769f elementor-align-center elementor-widget elementor-widget-button\" data-id=\"35b769f\" data-element_type=\"widget\" data-e-type=\"widget\" data-widget_type=\"button.default\">\n\t\t\t\t<div class=\"elementor-widget-container\">\n\t\t\t\t\t\t\t\t\t<div class=\"elementor-button-wrapper\">\n\t\t\t\t\t<a class=\"elementor-button elementor-button-link elementor-size-xl\" href=\"https:\/\/gabinter.pl\/piotr_wrobel\/\" target=\"_blank\">\n\t\t\t\t\t\t<span class=\"elementor-button-content-wrapper\">\n\t\t\t\t\t\t\t\t\t<span class=\"elementor-button-text\">Um\u00f3w si\u0119!<\/span>\n\t\t\t\t\t<\/span>\n\t\t\t\t\t<\/a>\n\t\t\t\t<\/div>\n\t\t\t\t\t\t\t\t<\/div>\n\t\t\t\t<\/div>\n\t\t\t\t<div class=\"elementor-element elementor-element-54ba211 elementor-widget elementor-widget-spacer\" data-id=\"54ba211\" data-element_type=\"widget\" data-e-type=\"widget\" data-widget_type=\"spacer.default\">\n\t\t\t\t<div class=\"elementor-widget-container\">\n\t\t\t\t\t\t\t<div class=\"elementor-spacer\">\n\t\t\t<div class=\"elementor-spacer-inner\"><\/div>\n\t\t<\/div>\n\t\t\t\t\t\t<\/div>\n\t\t\t\t<\/div>\n\t\t\t\t\t<\/div>\n\t\t<\/div>\n\t\t\t\t\t<\/div>\n\t\t<\/section>\n\t\t\t\t<\/div>\n\t\t","protected":false},"excerpt":{"rendered":"<p>Poznajmy si\u0119! \ud83d\ude42 Cze\u015b\u0107, nazywam si\u0119 Piotr Wr\u00f3bel. Jestem osob\u0105, kt\u00f3ra nosi aparaty s\u0142uchowe. Dzi\u0119ki temu rozumiem nie tylko osoby s\u0142ysz\u0105ce normalnie, ale i osoby, kt\u00f3re maj\u0105 z tym trudno\u015bci. Pos\u0142uguje si\u0119 j\u0119zykiem migowym (PJM) na co dzie\u0144. \u017byj\u0119 w trzech \u015bwiatach \u2013 kontaktuj\u0119 si\u0119 zar\u00f3wno z osobami g\u0142uchymi, s\u0142abos\u0142ysz\u0105cymi i s\u0142ysz\u0105cymi. Masa\u017cami zajmuj\u0119 si\u0119&#8230;<\/p>\n","protected":false},"author":1,"featured_media":0,"parent":0,"menu_order":1,"comment_status":"closed","ping_status":"closed","template":"","meta":{"_kadence_starter_templates_imported_post":true,"_kad_post_transparent":"","_kad_post_title":"hide","_kad_post_layout":"fullwidth","_kad_post_sidebar_id":"","_kad_post_content_style":"unboxed","_kad_post_vertical_padding":"hide","_kad_post_feature":"hide","_kad_post_feature_position":"","_kad_post_header":false,"_kad_post_footer":false,"_kad_post_classname":"","footnotes":""},"class_list":["post-2769","page","type-page","status-publish","hentry"],"_links":{"self":[{"href":"https:\/\/piotrterapeuta.pl\/index.php?rest_route=\/wp\/v2\/pages\/2769","targetHints":{"allow":["GET"]}}],"collection":[{"href":"https:\/\/piotrterapeuta.pl\/index.php?rest_route=\/wp\/v2\/pages"}],"about":[{"href":"https:\/\/piotrterapeuta.pl\/index.php?rest_route=\/wp\/v2\/types\/page"}],"author":[{"embeddable":true,"href":"https:\/\/piotrterapeuta.pl\/index.php?rest_route=\/wp\/v2\/users\/1"}],"replies":[{"embeddable":true,"href":"https:\/\/piotrterapeuta.pl\/index.php?rest_route=%2Fwp%2Fv2%2Fcomments&post=2769"}],"version-history":[{"count":92,"href":"https:\/\/piotrterapeuta.pl\/index.php?rest_route=\/wp\/v2\/pages\/2769\/revisions"}],"predecessor-version":[{"id":3688,"href":"https:\/\/piotrterapeuta.pl\/index.php?rest_route=\/wp\/v2\/pages\/2769\/revisions\/3688"}],"wp:attachment":[{"href":"https:\/\/piotrterapeuta.pl\/index.php?rest_route=%2Fwp%2Fv2%2Fmedia&parent=2769"}],"curies":[{"name":"wp","href":"https:\/\/api.w.org\/{rel}","templated":true}]}}